{"id":385934,"date":"2025-03-05T13:18:56","date_gmt":"2025-03-05T11:18:56","guid":{"rendered":"https:\/\/sixmor.es\/quienes-somos\/"},"modified":"2025-03-05T15:52:44","modified_gmt":"2025-03-05T13:52:44","slug":"quienes-somos","status":"publish","type":"page","link":"https:\/\/sixmor.es\/es\/quienes-somos\/","title":{"rendered":"Qui\u00e9nes somos"},"content":{"rendered":"<p>[et_pb_section fb_built=\u00bb1&#8243; admin_label=\u00bbKraz Header &#8211; Grace &#8211; BG Image size:1900x911px\u00bb module_id=\u00bbkraz\u00bb _builder_version=\u00bb4.27.4&#8243; _module_preset=\u00bbc64cdb16-68ed-45f7-9981-ea843d50b997&#8243; custom_css_before=\u00bb content: %22%22;|| display: block;|| position: absolute;|| top: 0;|| left: 0;|| width: 100%;|| height: 100%;|| background-color: #000000;|| opacity: 0.6;|| z-index: 1;\u00bb collapsed=\u00bbon\u00bb global_colors_info=\u00bb{}\u00bb][et_pb_row admin_label=\u00bbKraz Header &#8211; Grace &#8211; Row\u00bb _builder_version=\u00bb4.16&#8243; _module_preset=\u00bbdefault\u00bb global_colors_info=\u00bb{}\u00bb][et_pb_column type=\u00bb4_4&#8243; _builder_version=\u00bb4.16&#8243; _module_preset=\u00bbdefault\u00bb global_colors_info=\u00bb{}\u00bb][et_pb_cta title=\u00bbSobre Nosotros\u00bb button_url=\u00bb#\u00bb admin_label=\u00bbKraz Header &#8211; Grace &#8211; Call To Action\u00bb _builder_version=\u00bb4.27.4&#8243; _module_preset=\u00bbdefault\u00bb header_font=\u00bbMarcellus|||on|||||\u00bb header_text_color=\u00bb#FFFFFF\u00bb header_font_size=\u00bb54px\u00bb header_letter_spacing=\u00bb1px\u00bb header_line_height=\u00bb120%\u00bb body_font=\u00bbAlegreya Sans||||||||\u00bb body_text_color=\u00bb#FFFFFF\u00bb body_font_size=\u00bb18px\u00bb body_letter_spacing=\u00bb1px\u00bb body_line_height=\u00bb150%\u00bb use_background_color=\u00bboff\u00bb custom_button=\u00bbon\u00bb button_text_size=\u00bb16px\u00bb button_text_color=\u00bb#FFFFFF\u00bb button_bg_color=\u00bbrgba(255,255,255,0)\u00bb button_border_width=\u00bb1px\u00bb button_border_color=\u00bbrgba(255,255,255,0.6)\u00bb button_border_radius=\u00bb0px\u00bb button_font=\u00bbAlegreya Sans||||||||\u00bb button_use_icon=\u00bboff\u00bb button_custom_margin=\u00bb35px||||false|false\u00bb button_custom_padding=\u00bb16px|103px|16px|103px|true|true\u00bb button_custom_padding_tablet=\u00bb12px|50px|12px|50px|true|true\u00bb button_custom_padding_phone=\u00bb\u00bb button_custom_padding_last_edited=\u00bbon|tablet\u00bb max_width=\u00bb770px\u00bb module_alignment=\u00bbcenter\u00bb header_font_size_tablet=\u00bb42px\u00bb header_font_size_phone=\u00bb34px\u00bb header_font_size_last_edited=\u00bbon|desktop\u00bb custom_css_before=\u00bbcontent: %22%22;|| display: block;|| width: 73px;|| height: 3px;|| background-color: #fff;|| margin: 0 auto 18px;\u00bb custom_css_promo_title=\u00bbpadding-bottom: 55px;||font-weight:400;\u00bb global_colors_info=\u00bb{}\u00bb button_bg_color__hover_enabled=\u00bbon|desktop\u00bb button_bg_color__hover=\u00bb#FFFFFF\u00bb button_bg_enable_color__hover=\u00bbon\u00bb button_text_color__hover_enabled=\u00bbon|hover\u00bb button_text_color__hover=\u00bb#000000&#8243;][\/et_pb_cta][\/et_pb_column][\/et_pb_row][\/et_pb_section][et_pb_section fb_built=\u00bb1&#8243; _builder_version=\u00bb4.27.4&#8243; _module_preset=\u00bbdefault\u00bb global_colors_info=\u00bb{}\u00bb][et_pb_row _builder_version=\u00bb4.27.4&#8243; _module_preset=\u00bbdefault\u00bb custom_padding=\u00bb||0px||false|false\u00bb global_colors_info=\u00bb{}\u00bb][et_pb_column type=\u00bb4_4&#8243; _builder_version=\u00bb4.27.4&#8243; _module_preset=\u00bbdefault\u00bb global_colors_info=\u00bb{}\u00bb][et_pb_cta title=\u00bbEspecializados en la edificaci\u00f3n de todo tipo de obras\u00bb button_url=\u00bbhttps:\/\/sixmor.es\/es\/contacto\/\u00bb button_text=\u00bbCont\u00e1ctenos\u00bb _builder_version=\u00bb4.27.4&#8243; _module_preset=\u00bbbf73c340-3ed2-4d56-924d-f929af542d95&#8243; header_line_height=\u00bb1.3em\u00bb custom_padding=\u00bb0px|||0px|false|false\u00bb hover_enabled=\u00bb0&#8243; global_colors_info=\u00bb{}\u00bb sticky_enabled=\u00bb0&#8243;]<\/p>\n<p>Construcciones SIX-MOR,S.L. fue constituida en el a\u00f1o 1994. Es una continuaci\u00f3n de la empresa familiar Sixto Moreno Barrionuevo y actualmente es la segunda generaci\u00f3n con m\u00e1s de 50 a\u00f1os de experiencia.<\/p>\n<p>La empresa est\u00e1 ubicada en Sant Pere de Riudebitlles, en la comarca de L&#8217;Alt Pened\u00e8s provincia de Barcelona. Ofrecemos nuestros servicios en un radio de aproximadamente 350 km, incluyendo las Islas Baleares.<\/p>\n<p>[\/et_pb_cta][et_pb_video src=\u00bbhttps:\/\/www.youtube.com\/playlist?list=PLB6Bjwq4BB3FFayGlK5vO5j_HgEaRh-pR\u00bb _builder_version=\u00bb4.27.4&#8243; _module_preset=\u00bbdefault\u00bb global_colors_info=\u00bb{}\u00bb][\/et_pb_video][\/et_pb_column][\/et_pb_row][\/et_pb_section]<\/p>\n","protected":false},"excerpt":{"rendered":"<p>Construcciones SIX-MOR,S.L. fue constituida en el a\u00f1o 1994. Es una continuaci\u00f3n de la empresa familiar Sixto Moreno Barrionuevo y actualmente es la segunda generaci\u00f3n con m\u00e1s de 50 a\u00f1os de experiencia. La empresa est\u00e1 ubicada en Sant Pere de Riudebitlles, en la comarca de L&#8217;Alt Pened\u00e8s provincia de Barcelona. Ofrecemos nuestros servicios en un radio [&hellip;]<\/p>\n","protected":false},"author":1,"featured_media":0,"parent":0,"menu_order":0,"comment_status":"closed","ping_status":"closed","template":"","meta":{"_et_pb_use_builder":"on","_et_pb_old_content":"","_et_gb_content_width":"","footnotes":""},"class_list":["post-385934","page","type-page","status-publish","hentry"],"_links":{"self":[{"href":"https:\/\/sixmor.es\/es\/wp-json\/wp\/v2\/pages\/385934","targetHints":{"allow":["GET"]}}],"collection":[{"href":"https:\/\/sixmor.es\/es\/wp-json\/wp\/v2\/pages"}],"about":[{"href":"https:\/\/sixmor.es\/es\/wp-json\/wp\/v2\/types\/page"}],"author":[{"embeddable":true,"href":"https:\/\/sixmor.es\/es\/wp-json\/wp\/v2\/users\/1"}],"replies":[{"embeddable":true,"href":"https:\/\/sixmor.es\/es\/wp-json\/wp\/v2\/comments?post=385934"}],"version-history":[{"count":4,"href":"https:\/\/sixmor.es\/es\/wp-json\/wp\/v2\/pages\/385934\/revisions"}],"predecessor-version":[{"id":385973,"href":"https:\/\/sixmor.es\/es\/wp-json\/wp\/v2\/pages\/385934\/revisions\/385973"}],"wp:attachment":[{"href":"https:\/\/sixmor.es\/es\/wp-json\/wp\/v2\/media?parent=385934"}],"curies":[{"name":"wp","href":"https:\/\/api.w.org\/{rel}","templated":true}]}}