{"id":385932,"date":"2025-03-05T13:16:03","date_gmt":"2025-03-05T11:16:03","guid":{"rendered":"https:\/\/sixmor.es\/politica-de-privacidad\/"},"modified":"2025-03-19T10:48:42","modified_gmt":"2025-03-19T08:48:42","slug":"politica-de-privacidad","status":"publish","type":"page","link":"https:\/\/sixmor.es\/es\/politica-de-privacidad\/","title":{"rendered":"Pol\u00edtica de privacidad"},"content":{"rendered":"<p>[et_pb_section bb_built=\u00bb1&#8243;][et_pb_row][et_pb_column type=\u00bb4_4&#8243;][et_pb_text _builder_version=\u00bb3.5.1&#8243;]<\/p>\n<p style=\"text-align: center;\">POL\u00cdTICA DE PRIVACITAT<\/p>\n<p>1. INFORMACI\u00d3 A L&#8217;USUARI<br \/>\nCONSTRUCCIONES SIX-MOR.S.L., des d&#8217;ara RESPONSABLE, \u00e9s el Responsable del tractament de les dades personals de l&#8217;Usuari i l&#8217;informa que aquestes dades seran tractades de conformitat amb el que disposa el Reglament (UE) 2016\/679 de 27 d&#8217;abril de 2016 (GDPR) relatiu a la protecci\u00f3 de les persones f\u00edsiques pel que fa al tractament de dades personals i a la lliure circulaci\u00f3 d&#8217;aquestes dades, pel que se li facilita la seg\u00fcent informaci\u00f3 del tractament:<br \/>\nFi del tractament: mantenir una relaci\u00f3 comercial amb l&#8217;Usuari.<br \/>\nLes operacions previstes per realitzar el tractament s\u00f3n:<br \/>\n&#8211; Remissi\u00f3 de comunicacions comercials publicit\u00e0ries per email, fax, SMS, MMS, comunitats socials o qualsevol altre mitj\u00e0 electr\u00f2nic o f\u00edsic, present o futur, que possibiliti realitzar comunicacions comercials. Aquestes comunicacions seran realitzades pel RESPONSABLE i relacionades sobre els seus productes i serveis, o dels seus col\u00b7laboradors o prove\u00efdors amb els que aquest hagi arribat a algun acord de promoci\u00f3. En aquest cas, els tercers mai tindran acc\u00e9s a les dades personals.<br \/>\n&#8211; Realitzar estudis estad\u00edstics.<br \/>\n&#8211; Tramitar enc\u00e0rrecs de peticions o qualsevol tipus de petici\u00f3 que sigui realitzada per l&#8217;usuari a trav\u00e9s de qualsevol de les formes de contacte que es posen a la seva disposici\u00f3.<br \/>\n&#8211; Remetre el butllet\u00ed de not\u00edcies de la p\u00e0gina web.<br \/>\nCriteris de conservaci\u00f3 de les dades: es conservaran mentre hi hagi un inter\u00e8s mutu per mantenir la fi del tractament i quan ja no sigui necessari per a tal fi, es suprimiran amb mesures de seguretat adequades per garantir la seudonimitzaci\u00f3 de les dades o la destrucci\u00f3 total de les mateixes.<br \/>\nComunicaci\u00f3 de les dades: No es comunicaran les dades a tercers, excepte per obligaci\u00f3 legal.<br \/>\nDrets que assisteixen a l&#8217;Usuari:<br \/>\n&#8211; Dret a retirar el consentiment en qualsevol moment.<br \/>\n&#8211; Dret d&#8217;acc\u00e9s, rectificaci\u00f3, portabilitat i supressi\u00f3 de les seves dades i de la limitaci\u00f3 o oposici\u00f3 al seu tractament.<br \/>\n&#8211; Dret a presentar una reclamaci\u00f3 davant l&#8217;autoritat de control (www.agpd.es) si considera que el tractament no s&#8217;ajusta a la normativa vigent.<br \/>\nDades de contacte per exercir els seus drets:<br \/>\nAdre\u00e7a postal: CONSTRUCCIONES SIX-MOR.S.L.. Cl Dtr. Pujavet, 14 baixos 08776 SANT PERE DE<br \/>\nRIUDEBITLLES (BARCELONA). Email: mvsixmor@gmail.com<br \/>\nCONSTRUCCIONES SIX-MOR.S.L.<br \/>\nCONSTRUCCIONES SIX-MOR.S.L.<br \/>\nCl Dtr. Pujavet, 14 &#8211; baixos SANT PERE DE RIUDEBITLLES 08776 (BARCELONA)<\/p>\n<p>2. CAR\u00c0CTER OBLIGATORI O FACULTATIU DE LA INFORMACI\u00d3 FACILITADA PER L&#8217;USUARI<br \/>\nEls Usuaris, mitjan\u00e7ant la marcaci\u00f3 de les caselles corresponents i entrada de dades en els camps, marcats amb un asterisc (*) en el formulari de contacte o presentats en formularis de desc\u00e0rrega, accepten expressament i de forma lliure i inequ\u00edvoca, que les seves dades s\u00f3n necess\u00e0ries per atendre la seva petici\u00f3, per part del prestador, sent volunt\u00e0ria la inclusi\u00f3 de dades en els camps restants. L&#8217;Usuari garanteix que les dades personals facilitades al RESPONSABLE s\u00f3n veraces i es fa responsable de comunicar qualsevol modificaci\u00f3 de les mateixes.<br \/>\nEl RESPONSABLE informa i garanteix expressament als usuaris que les seves dades personals no seran cedides en cap cas a tercers, i que sempre que realitz\u00e9s algun tipus de cessi\u00f3 de dades personals, es demanar\u00e0 pr\u00e8viament el consentiment expr\u00e9s, informat i inequ\u00edvoc per part dels Usuaris.<br \/>\nTotes les dades sol\u00b7licitades a trav\u00e9s del lloc web s\u00f3n obligatoris, ja que s\u00f3n necessaris per a la prestaci\u00f3 d&#8217;un servei \u00f2ptim a l&#8217;usuari. En cas que no siguin facilitades totes les dades, no es garanteix que la informaci\u00f3 i serveis facilitats siguin completament ajustats a les seves necessitats.<\/p>\n<p>3. MESURES DE SEGURETAT<br \/>\nQue de conformitat amb el que disposen les normatives vigents en protecci\u00f3 de dades personals, el RESPONSABLE est\u00e0 complint amb totes les disposicions de les normatives GDPR per al tractament de les dades personals de la seva responsabilitat, i manifestament amb els principis descrits a l&#8217;article 5 de l&#8217;GDPR, pels qual s\u00f3n tractats de manera l\u00edcita, lleial i transparent en relaci\u00f3 amb l&#8217;interessat i adequades, pertinents i limitats al que necessari en relaci\u00f3 amb els fins per als quals s\u00f3n tractats.<br \/>\nEl RESPONSABLE garanteix que ha implementat pol\u00edtiques t\u00e8cniques i organitzatives apropiades per aplicar les mesures de seguretat que estableixen l&#8217;GDPR per tal de protegir els drets i llibertats dels Usuaris i els ha comunicat la informaci\u00f3 adequada perqu\u00e8 puguin exercir-los.<\/p>\n<p>[\/et_pb_text][\/et_pb_column][\/et_pb_row][\/et_pb_section]<\/p>\n","protected":false},"excerpt":{"rendered":"<p><div class=\"et_pb_row et_pb_row_0 et_pb_row_empty\">\n\t\t\t\t\n\t\t\t\t\n\t\t\t\t\n\t\t\t\t\n\t\t\t\t\n\t\t\t<\/div> POL\u00cdTICA DE PRIVACITAT 1. INFORMACI\u00d3 A L&#8217;USUARI CONSTRUCCIONES SIX-MOR.S.L., des d&#8217;ara RESPONSABLE, \u00e9s el Responsable del tractament de les dades personals de l&#8217;Usuari i l&#8217;informa que aquestes dades seran tractades de conformitat amb el que disposa el Reglament (UE) 2016\/679 de 27 d&#8217;abril de 2016 (GDPR) relatiu a la protecci\u00f3 de les persones f\u00edsiques [&hellip;]<\/p>\n","protected":false},"author":1,"featured_media":0,"parent":0,"menu_order":0,"comment_status":"closed","ping_status":"closed","template":"","meta":{"_et_pb_use_builder":"on","_et_pb_old_content":"","_et_gb_content_width":"","footnotes":""},"class_list":["post-385932","page","type-page","status-publish","hentry"],"_links":{"self":[{"href":"https:\/\/sixmor.es\/es\/wp-json\/wp\/v2\/pages\/385932","targetHints":{"allow":["GET"]}}],"collection":[{"href":"https:\/\/sixmor.es\/es\/wp-json\/wp\/v2\/pages"}],"about":[{"href":"https:\/\/sixmor.es\/es\/wp-json\/wp\/v2\/types\/page"}],"author":[{"embeddable":true,"href":"https:\/\/sixmor.es\/es\/wp-json\/wp\/v2\/users\/1"}],"replies":[{"embeddable":true,"href":"https:\/\/sixmor.es\/es\/wp-json\/wp\/v2\/comments?post=385932"}],"version-history":[{"count":4,"href":"https:\/\/sixmor.es\/es\/wp-json\/wp\/v2\/pages\/385932\/revisions"}],"predecessor-version":[{"id":386053,"href":"https:\/\/sixmor.es\/es\/wp-json\/wp\/v2\/pages\/385932\/revisions\/386053"}],"wp:attachment":[{"href":"https:\/\/sixmor.es\/es\/wp-json\/wp\/v2\/media?parent=385932"}],"curies":[{"name":"wp","href":"https:\/\/api.w.org\/{rel}","templated":true}]}}