{"id":385931,"date":"2025-03-05T13:15:17","date_gmt":"2025-03-05T11:15:17","guid":{"rendered":"https:\/\/sixmor.es\/obra-civil-2\/"},"modified":"2026-02-05T09:04:44","modified_gmt":"2026-02-05T07:04:44","slug":"obra-civil-2","status":"publish","type":"page","link":"https:\/\/sixmor.es\/es\/obra-civil-2\/","title":{"rendered":"Obra civil"},"content":{"rendered":"<p>[et_pb_section fb_built=\u00bb1&#8243; custom_padding_last_edited=\u00bbon|desktop\u00bb admin_label=\u00bbKraz Header &#8211; Grace &#8211; BG Image size:1900x911px\u00bb module_id=\u00bbkraz\u00bb _builder_version=\u00bb4.27.4&#8243; _module_preset=\u00bbc64cdb16-68ed-45f7-9981-ea843d50b997&#8243; background_image=\u00bbhttps:\/\/sixmor.es\/wp-content\/uploads\/2018\/06\/12.jpg\u00bb custom_padding_tablet=\u00bb||||false|false\u00bb custom_padding_phone=\u00bb||||false|false\u00bb custom_css_before=\u00bb content: %22%22;|| display: block;|| position: absolute;|| top: 0;|| left: 0;|| width: 100%;|| height: 100%;|| background-color: #000000;|| opacity: 0.6;|| z-index: 1;\u00bb collapsed=\u00bbon\u00bb global_colors_info=\u00bb{}\u00bb][et_pb_row admin_label=\u00bbKraz Header &#8211; Grace &#8211; Row\u00bb _builder_version=\u00bb4.16&#8243; _module_preset=\u00bbdefault\u00bb global_colors_info=\u00bb{}\u00bb][et_pb_column type=\u00bb4_4&#8243; _builder_version=\u00bb4.16&#8243; _module_preset=\u00bbdefault\u00bb global_colors_info=\u00bb{}\u00bb][et_pb_cta title=\u00bbObra civil\u00bb button_url=\u00bb#\u00bb admin_label=\u00bbKraz Header &#8211; Grace &#8211; Call To Action\u00bb _builder_version=\u00bb4.27.4&#8243; _module_preset=\u00bbdefault\u00bb header_font=\u00bbMarcellus|||on|||||\u00bb header_text_color=\u00bb#FFFFFF\u00bb header_font_size=\u00bb54px\u00bb header_letter_spacing=\u00bb1px\u00bb header_line_height=\u00bb120%\u00bb body_font=\u00bbAlegreya Sans||||||||\u00bb body_text_color=\u00bb#FFFFFF\u00bb body_font_size=\u00bb18px\u00bb body_letter_spacing=\u00bb1px\u00bb body_line_height=\u00bb150%\u00bb use_background_color=\u00bboff\u00bb custom_button=\u00bbon\u00bb button_text_size=\u00bb16px\u00bb button_text_color=\u00bb#FFFFFF\u00bb button_bg_color=\u00bbrgba(255,255,255,0)\u00bb button_border_width=\u00bb1px\u00bb button_border_color=\u00bbrgba(255,255,255,0.6)\u00bb button_border_radius=\u00bb0px\u00bb button_font=\u00bbAlegreya Sans||||||||\u00bb button_use_icon=\u00bboff\u00bb button_custom_margin=\u00bb35px||||false|false\u00bb button_custom_padding=\u00bb16px|103px|16px|103px|true|true\u00bb button_custom_padding_tablet=\u00bb12px|50px|12px|50px|true|true\u00bb button_custom_padding_phone=\u00bb\u00bb button_custom_padding_last_edited=\u00bbon|tablet\u00bb max_width=\u00bb770px\u00bb module_alignment=\u00bbcenter\u00bb header_font_size_tablet=\u00bb42px\u00bb header_font_size_phone=\u00bb34px\u00bb header_font_size_last_edited=\u00bbon|desktop\u00bb custom_css_before=\u00bbcontent: %22%22;|| display: block;|| width: 73px;|| height: 3px;|| background-color: #fff;|| margin: 0 auto 18px;\u00bb custom_css_promo_title=\u00bbpadding-bottom: 55px;||font-weight:400;\u00bb global_colors_info=\u00bb{}\u00bb button_bg_color__hover_enabled=\u00bbon|desktop\u00bb button_bg_color__hover=\u00bb#FFFFFF\u00bb button_bg_enable_color__hover=\u00bbon\u00bb button_text_color__hover_enabled=\u00bbon|hover\u00bb button_text_color__hover=\u00bb#000000&#8243;][\/et_pb_cta][\/et_pb_column][\/et_pb_row][\/et_pb_section][et_pb_section fb_built=\u00bb1&#8243; _builder_version=\u00bb4.27.4&#8243; _module_preset=\u00bbdefault\u00bb global_colors_info=\u00bb{}\u00bb][et_pb_row _builder_version=\u00bb4.27.4&#8243; _module_preset=\u00bbdefault\u00bb custom_padding=\u00bb0px||0px||false|false\u00bb global_colors_info=\u00bb{}\u00bb][et_pb_column type=\u00bb4_4&#8243; _builder_version=\u00bb4.27.4&#8243; _module_preset=\u00bbdefault\u00bb global_colors_info=\u00bb{}\u00bb][et_pb_cta title=\u00bbEspecialistas en la edificaci\u00f3n de todo tipo de obras\u00bb _builder_version=\u00bb4.27.4&#8243; _module_preset=\u00bbbf73c340-3ed2-4d56-924d-f929af542d95&#8243; custom_padding=\u00bb||0px|0px|false|false\u00bb global_colors_info=\u00bb{}\u00bb][\/et_pb_cta][\/et_pb_column][\/et_pb_row][et_pb_row column_structure=\u00bb1_3,1_3,1_3&#8243; use_custom_gutter=\u00bbon\u00bb gutter_width=\u00bb1&#8243; _builder_version=\u00bb4.27.4&#8243; _module_preset=\u00bbdefault\u00bb global_colors_info=\u00bb{}\u00bb][et_pb_column type=\u00bb1_3&#8243; _builder_version=\u00bb4.27.4&#8243; _module_preset=\u00bbdefault\u00bb global_colors_info=\u00bb{}\u00bb][et_pb_blurb use_icon=\u00bbon\u00bb font_icon=\u00bb&#x4e;||divi||400&#8243; _builder_version=\u00bb4.27.4&#8243; _module_preset=\u00bb4c847aed-4a61-4bea-8770-d1a0c1e67b99&#8243; global_colors_info=\u00bb{}\u00bb]<\/p>\n<p>Rehabilitaci\u00f3n de viviendas y mas\u00edas<\/p>\n<p>[\/et_pb_blurb][et_pb_blurb use_icon=\u00bbon\u00bb font_icon=\u00bb&#x4e;||divi||400&#8243; _builder_version=\u00bb4.27.4&#8243; _module_preset=\u00bb4c847aed-4a61-4bea-8770-d1a0c1e67b99&#8243; global_colors_info=\u00bb{}\u00bb]<\/p>\n<p>Reformas en general<\/p>\n<p>[\/et_pb_blurb][et_pb_blurb use_icon=\u00bbon\u00bb font_icon=\u00bb&#x4e;||divi||400&#8243; _builder_version=\u00bb4.27.4&#8243; _module_preset=\u00bb4c847aed-4a61-4bea-8770-d1a0c1e67b99&#8243; global_colors_info=\u00bb{}\u00bb]Viviendas aisladas[\/et_pb_blurb][et_pb_blurb use_icon=\u00bbon\u00bb font_icon=\u00bb&#x4e;||divi||400&#8243; _builder_version=\u00bb4.27.4&#8243; _module_preset=\u00bb4c847aed-4a61-4bea-8770-d1a0c1e67b99&#8243; global_colors_info=\u00bb{}\u00bb]Casas adosadas[\/et_pb_blurb][\/et_pb_column][et_pb_column type=\u00bb1_3&#8243; _builder_version=\u00bb4.27.4&#8243; _module_preset=\u00bbdefault\u00bb global_colors_info=\u00bb{}\u00bb][et_pb_blurb use_icon=\u00bbon\u00bb font_icon=\u00bb&#x4e;||divi||400&#8243; _builder_version=\u00bb4.27.4&#8243; _module_preset=\u00bb4c847aed-4a61-4bea-8770-d1a0c1e67b99&#8243; global_colors_info=\u00bb{}\u00bb]Industrial[\/et_pb_blurb][et_pb_blurb use_icon=\u00bbon\u00bb font_icon=\u00bb&#x4e;||divi||400&#8243; _builder_version=\u00bb4.27.4&#8243; _module_preset=\u00bb4c847aed-4a61-4bea-8770-d1a0c1e67b99&#8243; global_colors_info=\u00bb{}\u00bb]Mantenimiento de industrias[\/et_pb_blurb][et_pb_blurb use_icon=\u00bbon\u00bb font_icon=\u00bb&#x4e;||divi||400&#8243; _builder_version=\u00bb4.27.4&#8243; _module_preset=\u00bb4c847aed-4a61-4bea-8770-d1a0c1e67b99&#8243; global_colors_info=\u00bb{}\u00bb]Plataformas de plantas de gas[\/et_pb_blurb][et_pb_blurb use_icon=\u00bbon\u00bb font_icon=\u00bb&#x4e;||divi||400&#8243; _builder_version=\u00bb4.27.4&#8243; _module_preset=\u00bb4c847aed-4a61-4bea-8770-d1a0c1e67b99&#8243; global_colors_info=\u00bb{}\u00bb]Pisos[\/et_pb_blurb][\/et_pb_column][et_pb_column type=\u00bb1_3&#8243; _builder_version=\u00bb4.27.4&#8243; _module_preset=\u00bbdefault\u00bb global_colors_info=\u00bb{}\u00bb][et_pb_blurb use_icon=\u00bbon\u00bb font_icon=\u00bb&#x4e;||divi||400&#8243; _builder_version=\u00bb4.27.4&#8243; _module_preset=\u00bb4c847aed-4a61-4bea-8770-d1a0c1e67b99&#8243; global_colors_info=\u00bb{}\u00bb]Cierre de terrenos[\/et_pb_blurb][et_pb_blurb use_icon=\u00bbon\u00bb font_icon=\u00bb&#x4e;||divi||400&#8243; _builder_version=\u00bb4.27.4&#8243; _module_preset=\u00bb4c847aed-4a61-4bea-8770-d1a0c1e67b99&#8243; global_colors_info=\u00bb{}\u00bb]Excavaciones[\/et_pb_blurb][et_pb_blurb use_icon=\u00bbon\u00bb font_icon=\u00bb&#x4e;||divi||400&#8243; _builder_version=\u00bb4.27.4&#8243; _module_preset=\u00bb4c847aed-4a61-4bea-8770-d1a0c1e67b99&#8243; global_colors_info=\u00bb{}\u00bb]Pavimentos[\/et_pb_blurb][et_pb_blurb use_icon=\u00bbon\u00bb font_icon=\u00bb&#x4e;||divi||400&#8243; _builder_version=\u00bb4.27.4&#8243; _module_preset=\u00bb4c847aed-4a61-4bea-8770-d1a0c1e67b99&#8243; global_colors_info=\u00bb{}\u00bb]Servicio integral[\/et_pb_blurb][\/et_pb_column][\/et_pb_row][et_pb_row _builder_version=\u00bb4.27.4&#8243; _module_preset=\u00bbdefault\u00bb custom_padding=\u00bb0px||0px||false|false\u00bb global_colors_info=\u00bb{}\u00bb][et_pb_column type=\u00bb4_4&#8243; _builder_version=\u00bb4.27.4&#8243; _module_preset=\u00bbdefault\u00bb global_colors_info=\u00bb{}\u00bb][et_pb_cta title=\u00bbNuestros servicios\u00bb _builder_version=\u00bb4.27.4&#8243; _module_preset=\u00bbbf73c340-3ed2-4d56-924d-f929af542d95&#8243; custom_padding=\u00bb||0px|0px|false|false\u00bb global_colors_info=\u00bb{}\u00bb]Ofrecemos un servicio integral en la edificaci\u00f3n, desde realizaci\u00f3n de los planos hasta la finalizaci\u00f3n de la obra, incluyendo todos los servicios industriales:[\/et_pb_cta][\/et_pb_column][\/et_pb_row][et_pb_row column_structure=\u00bb1_4,1_4,1_4,1_4&#8243; use_custom_gutter=\u00bbon\u00bb gutter_width=\u00bb1&#8243; _builder_version=\u00bb4.27.4&#8243; _module_preset=\u00bbdefault\u00bb global_colors_info=\u00bb{}\u00bb][et_pb_column type=\u00bb1_4&#8243; _builder_version=\u00bb4.27.4&#8243; _module_preset=\u00bbdefault\u00bb global_colors_info=\u00bb{}\u00bb][et_pb_blurb use_icon=\u00bbon\u00bb font_icon=\u00bb&#x24;||divi||400&#8243; _builder_version=\u00bb4.27.4&#8243; _module_preset=\u00bbd2d0c908-4cba-47df-9d7a-a519da257f38&#8243; global_colors_info=\u00bb{}\u00bb]<\/p>\n<p>Carpinter\u00eda<\/p>\n<p>[\/et_pb_blurb][et_pb_blurb use_icon=\u00bbon\u00bb font_icon=\u00bb&#x24;||divi||400&#8243; _builder_version=\u00bb4.27.4&#8243; _module_preset=\u00bbd2d0c908-4cba-47df-9d7a-a519da257f38&#8243; global_colors_info=\u00bb{}\u00bb]Pintura[\/et_pb_blurb][et_pb_blurb use_icon=\u00bbon\u00bb font_icon=\u00bb&#x24;||divi||400&#8243; _builder_version=\u00bb4.27.4&#8243; _module_preset=\u00bbd2d0c908-4cba-47df-9d7a-a519da257f38&#8243; global_colors_info=\u00bb{}\u00bb]Lampister\u00eda[\/et_pb_blurb][et_pb_blurb use_icon=\u00bbon\u00bb font_icon=\u00bb&#x24;||divi||400&#8243; _builder_version=\u00bb4.27.4&#8243; _module_preset=\u00bbd2d0c908-4cba-47df-9d7a-a519da257f38&#8243; global_colors_info=\u00bb{}\u00bb]Electricidad[\/et_pb_blurb][\/et_pb_column][et_pb_column type=\u00bb1_4&#8243; _builder_version=\u00bb4.27.4&#8243; _module_preset=\u00bbdefault\u00bb global_colors_info=\u00bb{}\u00bb][et_pb_blurb use_icon=\u00bbon\u00bb font_icon=\u00bb&#x24;||divi||400&#8243; _builder_version=\u00bb4.27.4&#8243; _module_preset=\u00bbd2d0c908-4cba-47df-9d7a-a519da257f38&#8243; global_colors_info=\u00bb{}\u00bb]Encofrados[\/et_pb_blurb][et_pb_blurb use_icon=\u00bbon\u00bb font_icon=\u00bb&#x24;||divi||400&#8243; _builder_version=\u00bb4.27.4&#8243; _module_preset=\u00bbd2d0c908-4cba-47df-9d7a-a519da257f38&#8243; global_colors_info=\u00bb{}\u00bb]Estructuras[\/et_pb_blurb][et_pb_blurb use_icon=\u00bbon\u00bb font_icon=\u00bb&#x24;||divi||400&#8243; _builder_version=\u00bb4.27.4&#8243; _module_preset=\u00bbd2d0c908-4cba-47df-9d7a-a519da257f38&#8243; global_colors_info=\u00bb{}\u00bb]<\/p>\n<p>Cubiertas<\/p>\n<p>[\/et_pb_blurb][et_pb_blurb use_icon=\u00bbon\u00bb font_icon=\u00bb&#x24;||divi||400&#8243; _builder_version=\u00bb4.27.4&#8243; _module_preset=\u00bbd2d0c908-4cba-47df-9d7a-a519da257f38&#8243; global_colors_info=\u00bb{}\u00bb]Rebozados[\/et_pb_blurb][\/et_pb_column][et_pb_column type=\u00bb1_4&#8243; _builder_version=\u00bb4.27.4&#8243; _module_preset=\u00bbdefault\u00bb global_colors_info=\u00bb{}\u00bb][et_pb_blurb use_icon=\u00bbon\u00bb font_icon=\u00bb&#x24;||divi||400&#8243; _builder_version=\u00bb4.27.4&#8243; _module_preset=\u00bbd2d0c908-4cba-47df-9d7a-a519da257f38&#8243; global_colors_info=\u00bb{}\u00bb]Enyesados[\/et_pb_blurb][et_pb_blurb use_icon=\u00bbon\u00bb font_icon=\u00bb&#x24;||divi||400&#8243; _builder_version=\u00bb4.27.4&#8243; _module_preset=\u00bbd2d0c908-4cba-47df-9d7a-a519da257f38&#8243; global_colors_info=\u00bb{}\u00bb]Pavimentos[\/et_pb_blurb][et_pb_blurb use_icon=\u00bbon\u00bb font_icon=\u00bb&#x24;||divi||400&#8243; _builder_version=\u00bb4.27.4&#8243; _module_preset=\u00bbd2d0c908-4cba-47df-9d7a-a519da257f38&#8243; global_colors_info=\u00bb{}\u00bb]Recubrimientos[\/et_pb_blurb][et_pb_blurb use_icon=\u00bbon\u00bb font_icon=\u00bb&#x24;||divi||400&#8243; _builder_version=\u00bb4.27.4&#8243; _module_preset=\u00bbd2d0c908-4cba-47df-9d7a-a519da257f38&#8243; global_colors_info=\u00bb{}\u00bb]Redes de saneamiento[\/et_pb_blurb][\/et_pb_column][et_pb_column type=\u00bb1_4&#8243; _builder_version=\u00bb4.27.4&#8243; _module_preset=\u00bbdefault\u00bb global_colors_info=\u00bb{}\u00bb][et_pb_blurb use_icon=\u00bbon\u00bb font_icon=\u00bb&#x24;||divi||400&#8243; _builder_version=\u00bb4.27.4&#8243; _module_preset=\u00bbd2d0c908-4cba-47df-9d7a-a519da257f38&#8243; global_colors_info=\u00bb{}\u00bb]Cimientos[\/et_pb_blurb][et_pb_blurb use_icon=\u00bbon\u00bb font_icon=\u00bb&#x24;||divi||400&#8243; _builder_version=\u00bb4.27.4&#8243; _module_preset=\u00bbd2d0c908-4cba-47df-9d7a-a519da257f38&#8243; global_colors_info=\u00bb{}\u00bb]Alcantarillados[\/et_pb_blurb][\/et_pb_column][\/et_pb_row][et_pb_row _builder_version=\u00bb4.27.4&#8243; _module_preset=\u00bbdefault\u00bb custom_padding=\u00bb0px||0px||false|false\u00bb global_colors_info=\u00bb{}\u00bb][et_pb_column type=\u00bb4_4&#8243; _builder_version=\u00bb4.27.4&#8243; _module_preset=\u00bbdefault\u00bb global_colors_info=\u00bb{}\u00bb][et_pb_cta title=\u00bbDamos servicios a particulares e industrias como\u00bb _builder_version=\u00bb4.27.4&#8243; _module_preset=\u00bbbf73c340-3ed2-4d56-924d-f929af542d95&#8243; custom_padding=\u00bb||0px|0px|false|false\u00bb global_colors_info=\u00bb{}\u00bb][\/et_pb_cta][\/et_pb_column][\/et_pb_row][et_pb_row column_structure=\u00bb1_4,1_4,1_4,1_4&#8243; make_equal=\u00bbon\u00bb _builder_version=\u00bb4.27.5&#8243; _module_preset=\u00bbdefault\u00bb custom_padding=\u00bb||0px||false|false\u00bb hover_enabled=\u00bb0&#8243; custom_css_main_element=\u00bbalign-items:center;\u00bb global_colors_info=\u00bb{}\u00bb sticky_enabled=\u00bb0&#8243;][et_pb_column type=\u00bb1_4&#8243; _builder_version=\u00bb4.27.5&#8243; _module_preset=\u00bbdefault\u00bb global_colors_info=\u00bb{}\u00bb][et_pb_image src=\u00bbhttps:\/\/sixmor.es\/wp-content\/uploads\/2025\/03\/dssmith-logo.webp\u00bb title_text=\u00bbdssmith-logo\u00bb align=\u00bbcenter\u00bb admin_label=\u00bbLogos V4 &#8211; Ragnar &#8211; Image &#8211; Image Size:122x47px\u00bb _builder_version=\u00bb4.27.5&#8243; _module_preset=\u00bbdefault\u00bb custom_padding=\u00bb49px||49px||true|false\u00bb custom_padding_tablet=\u00bb25px|20px|25px|20px|true|false\u00bb custom_padding_phone=\u00bb\u00bb custom_padding_last_edited=\u00bbon|tablet\u00bb hover_enabled=\u00bb0&#8243; border_color_all=\u00bb#f1f9fd\u00bb global_colors_info=\u00bb{}\u00bb sticky_enabled=\u00bb0&#8243;][\/et_pb_image][\/et_pb_column][et_pb_column type=\u00bb1_4&#8243; _builder_version=\u00bb4.27.5&#8243; _module_preset=\u00bbdefault\u00bb global_colors_info=\u00bb{}\u00bb][et_pb_image src=\u00bbhttps:\/\/sixmor.es\/wp-content\/uploads\/2025\/03\/ham-logo.png\u00bb title_text=\u00bbham-logo\u00bb align=\u00bbcenter\u00bb disabled_on=\u00bboff|off|off\u00bb admin_label=\u00bbLogos V4 &#8211; Ragnar &#8211; Image &#8211; Image Size:122x47px\u00bb _builder_version=\u00bb4.27.5&#8243; _module_preset=\u00bbdefault\u00bb custom_padding=\u00bb49px||49px||true|false\u00bb custom_padding_tablet=\u00bb25px|20px|25px|20px|true|false\u00bb custom_padding_phone=\u00bb\u00bb custom_padding_last_edited=\u00bbon|tablet\u00bb border_color_all=\u00bb#f1f9fd\u00bb global_colors_info=\u00bb{}\u00bb][\/et_pb_image][\/et_pb_column][et_pb_column type=\u00bb1_4&#8243; _builder_version=\u00bb4.27.5&#8243; _module_preset=\u00bbdefault\u00bb global_colors_info=\u00bb{}\u00bb][et_pb_image src=\u00bbhttps:\/\/sixmor.es\/wp-content\/uploads\/2026\/01\/image-6.png\u00bb title_text=\u00bbimage (6)\u00bb align=\u00bbcenter\u00bb disabled_on=\u00bboff|off|off\u00bb admin_label=\u00bbLogos V4 &#8211; Ragnar &#8211; Image &#8211; Image Size:122x47px\u00bb _builder_version=\u00bb4.27.5&#8243; _module_preset=\u00bbdefault\u00bb width=\u00bb80%\u00bb custom_padding=\u00bb49px||49px||true|false\u00bb custom_padding_tablet=\u00bb25px|20px|25px|20px|true|false\u00bb custom_padding_phone=\u00bb\u00bb custom_padding_last_edited=\u00bbon|tablet\u00bb border_color_all=\u00bb#f1f9fd\u00bb global_colors_info=\u00bb{}\u00bb][\/et_pb_image][\/et_pb_column][et_pb_column type=\u00bb1_4&#8243; _builder_version=\u00bb4.27.5&#8243; _module_preset=\u00bbdefault\u00bb global_colors_info=\u00bb{}\u00bb][et_pb_image src=\u00bbhttps:\/\/sixmor.es\/wp-content\/uploads\/2025\/03\/joan-romeu.webp\u00bb title_text=\u00bbjoan-romeu\u00bb align=\u00bbcenter\u00bb disabled_on=\u00bboff|off|off\u00bb admin_label=\u00bbLogos V4 &#8211; Ragnar &#8211; Image &#8211; Image Size:122x47px\u00bb _builder_version=\u00bb4.27.5&#8243; _module_preset=\u00bbdefault\u00bb width=\u00bb72%\u00bb custom_padding=\u00bb49px||49px||true|false\u00bb custom_padding_tablet=\u00bb25px|20px|25px|20px|true|false\u00bb custom_padding_phone=\u00bb\u00bb custom_padding_last_edited=\u00bbon|tablet\u00bb border_color_all=\u00bb#f1f9fd\u00bb global_colors_info=\u00bb{}\u00bb][\/et_pb_image][\/et_pb_column][\/et_pb_row][et_pb_row column_structure=\u00bb1_4,1_4,1_4,1_4&#8243; make_equal=\u00bbon\u00bb _builder_version=\u00bb4.27.5&#8243; _module_preset=\u00bbdefault\u00bb custom_padding=\u00bb||0px||false|false\u00bb custom_css_main_element=\u00bbalign-items:center;\u00bb global_colors_info=\u00bb{}\u00bb][et_pb_column type=\u00bb1_4&#8243; _builder_version=\u00bb4.27.5&#8243; _module_preset=\u00bbdefault\u00bb global_colors_info=\u00bb{}\u00bb][et_pb_image src=\u00bbhttps:\/\/sixmor.es\/wp-content\/uploads\/2025\/03\/logo-lecitrailer-FIN.png\u00bb title_text=\u00bblogo-lecitrailer-FIN\u00bb align=\u00bbcenter\u00bb disabled_on=\u00bboff|off|off\u00bb admin_label=\u00bbLogos V4 &#8211; Ragnar &#8211; Image &#8211; Image Size:122x47px\u00bb _builder_version=\u00bb4.27.5&#8243; _module_preset=\u00bbdefault\u00bb width=\u00bb87%\u00bb custom_padding=\u00bb49px||49px||true|false\u00bb custom_padding_tablet=\u00bb25px|20px|25px|20px|true|false\u00bb custom_padding_phone=\u00bb\u00bb custom_padding_last_edited=\u00bbon|tablet\u00bb border_color_all=\u00bb#f1f9fd\u00bb global_colors_info=\u00bb{}\u00bb][\/et_pb_image][\/et_pb_column][et_pb_column type=\u00bb1_4&#8243; _builder_version=\u00bb4.27.5&#8243; _module_preset=\u00bbdefault\u00bb global_colors_info=\u00bb{}\u00bb][et_pb_image src=\u00bbhttps:\/\/sixmor.es\/wp-content\/uploads\/2026\/01\/ramon-olive-e1770208854199.jpg\u00bb title_text=\u00bbramon olive\u00bb align=\u00bbcenter\u00bb disabled_on=\u00bboff|off|off\u00bb admin_label=\u00bbLogos V4 &#8211; Ragnar &#8211; Image &#8211; Image Size:122x47px\u00bb _builder_version=\u00bb4.27.5&#8243; _module_preset=\u00bbdefault\u00bb custom_padding=\u00bb49px||49px||true|false\u00bb custom_padding_tablet=\u00bb25px|20px|25px|20px|true|false\u00bb custom_padding_phone=\u00bb\u00bb custom_padding_last_edited=\u00bbon|tablet\u00bb border_color_all=\u00bb#f1f9fd\u00bb global_colors_info=\u00bb{}\u00bb][\/et_pb_image][\/et_pb_column][et_pb_column type=\u00bb1_4&#8243; _builder_version=\u00bb4.27.5&#8243; _module_preset=\u00bbdefault\u00bb global_colors_info=\u00bb{}\u00bb][et_pb_image src=\u00bbhttps:\/\/sixmor.es\/wp-content\/uploads\/2026\/01\/tipsa-e1770208830580.jpg\u00bb title_text=\u00bbtipsa\u00bb align=\u00bbcenter\u00bb disabled_on=\u00bboff|off|off\u00bb admin_label=\u00bbLogos V4 &#8211; Ragnar &#8211; Image &#8211; Image Size:122x47px\u00bb _builder_version=\u00bb4.27.5&#8243; _module_preset=\u00bbdefault\u00bb custom_padding=\u00bb49px||49px||true|false\u00bb custom_padding_tablet=\u00bb25px|20px|25px|20px|true|false\u00bb custom_padding_phone=\u00bb\u00bb custom_padding_last_edited=\u00bbon|tablet\u00bb border_color_all=\u00bb#f1f9fd\u00bb global_colors_info=\u00bb{}\u00bb][\/et_pb_image][\/et_pb_column][et_pb_column type=\u00bb1_4&#8243; _builder_version=\u00bb4.27.5&#8243; _module_preset=\u00bbdefault\u00bb global_colors_info=\u00bb{}\u00bb][et_pb_image src=\u00bbhttps:\/\/sixmor.es\/wp-content\/uploads\/2026\/02\/darwin-xxi-260&#215;48-1.png\u00bb title_text=\u00bbdarwin-xxi-260&#215;48&#8243; align=\u00bbcenter\u00bb disabled_on=\u00bboff|off|off\u00bb admin_label=\u00bbLogos V4 &#8211; Ragnar &#8211; Image &#8211; Image Size:122x47px\u00bb _builder_version=\u00bb4.27.5&#8243; _module_preset=\u00bbdefault\u00bb custom_padding=\u00bb49px||49px||true|false\u00bb custom_padding_tablet=\u00bb25px|20px|25px|20px|true|false\u00bb custom_padding_phone=\u00bb\u00bb custom_padding_last_edited=\u00bbon|tablet\u00bb border_color_all=\u00bb#f1f9fd\u00bb global_colors_info=\u00bb{}\u00bb][\/et_pb_image][\/et_pb_column][\/et_pb_row][\/et_pb_section]<\/p>\n","protected":false},"excerpt":{"rendered":"<p>Rehabilitaci\u00f3n de viviendas y mas\u00edasReformas en generalViviendas aisladasCasas adosadasIndustrialMantenimiento de industriasPlataformas de plantas de gasPisosCierre de terrenosExcavacionesPavimentosServicio integralOfrecemos un servicio integral en la edificaci\u00f3n, desde realizaci\u00f3n de los planos hasta la finalizaci\u00f3n de la obra, incluyendo todos los servicios industriales:Carpinter\u00edaPinturaLampister\u00edaElectricidadEncofradosEstructurasCubiertasRebozadosEnyesadosPavimentosRecubrimientosRedes de saneamientoCimientosAlcantarillados<\/p>\n","protected":false},"author":1,"featured_media":0,"parent":0,"menu_order":0,"comment_status":"closed","ping_status":"closed","template":"","meta":{"_et_pb_use_builder":"on","_et_pb_old_content":"","_et_gb_content_width":"","footnotes":""},"class_list":["post-385931","page","type-page","status-publish","hentry"],"_links":{"self":[{"href":"https:\/\/sixmor.es\/es\/wp-json\/wp\/v2\/pages\/385931","targetHints":{"allow":["GET"]}}],"collection":[{"href":"https:\/\/sixmor.es\/es\/wp-json\/wp\/v2\/pages"}],"about":[{"href":"https:\/\/sixmor.es\/es\/wp-json\/wp\/v2\/types\/page"}],"author":[{"embeddable":true,"href":"https:\/\/sixmor.es\/es\/wp-json\/wp\/v2\/users\/1"}],"replies":[{"embeddable":true,"href":"https:\/\/sixmor.es\/es\/wp-json\/wp\/v2\/comments?post=385931"}],"version-history":[{"count":27,"href":"https:\/\/sixmor.es\/es\/wp-json\/wp\/v2\/pages\/385931\/revisions"}],"predecessor-version":[{"id":386160,"href":"https:\/\/sixmor.es\/es\/wp-json\/wp\/v2\/pages\/385931\/revisions\/386160"}],"wp:attachment":[{"href":"https:\/\/sixmor.es\/es\/wp-json\/wp\/v2\/media?parent=385931"}],"curies":[{"name":"wp","href":"https:\/\/api.w.org\/{rel}","templated":true}]}}