{"id":382,"date":"2020-10-07T10:38:02","date_gmt":"2020-10-07T08:38:02","guid":{"rendered":"https:\/\/sixmor.es\/%eb%88%87el-hotel-es-muy-amable-y-servicial\/"},"modified":"2025-03-19T10:48:14","modified_gmt":"2025-03-19T08:48:14","slug":"%eb%88%87el-hotel-es-muy-amable-y-servicial","status":"publish","type":"page","link":"https:\/\/sixmor.es\/es\/%eb%88%87el-hotel-es-muy-amable-y-servicial\/","title":{"rendered":"Pol\u00edtica de cookies"},"content":{"rendered":"<p>[et_pb_section bb_built=\u00bb1&#8243;][et_pb_row][et_pb_column type=\u00bb4_4&#8243;][et_pb_text _builder_version=\u00bb3.5.1&#8243;]<\/p>\n<p>INFORMACI\u00d3N SOBRE LAS COOKIES<br \/>\nDebido a la entrada en vigor de la modificaci\u00f3n de referencia de la \u00abLey de Servicios de la Sociedad de la Informaci\u00f3n\u00bb (LSSICE)<br \/>\nestablecido por el Real Decreto 13\/2012, est\u00e1 obligado a obtener el consentimiento expreso del usuario de todas las p\u00e1ginas web<br \/>\nutilizar cookies prescindibles, antes de que navegue a trav\u00e9s de ellas.<br \/>\n\u00bfQUE SON LAS COOKIES?<br \/>\nLas cookies y otras tecnolog\u00edas similares, como los objetos compartidos locales, las cookies flash o los p\u00edxeles, son herramientas utilizadas por los<br \/>\nservidores web para almacenar y recuperar informaci\u00f3n sobre sus visitantes, as\u00ed como para proporcionar un correcto<br \/>\nfuncionamiento del sitio.<br \/>\nMediante el uso de estos dispositivos, el servidor web puede recordar algunos datos relativos al usuario, como las<br \/>\npreferencias para ver las p\u00e1ginas de este servidor, nombre y contrase\u00f1a, productos que m\u00e1s le<br \/>\ninteresan, etc.<br \/>\nCOOKIES AFECTADAS POR REGULACIONES Y COOKIES EXENTAS<br \/>\nDe acuerdo con la directiva eu, las cookies que requieren el consentimiento informado por parte del usuario son cookies<br \/>\nde an\u00e1lisis y publicidad y afiliaci\u00f3n, excluyendo los de car\u00e1cter t\u00e9cnico y los necesarios para el funcionamiento del<br \/>\nsitio web o la prestaci\u00f3n de servicios expresamente solicitados por el usuario.<br \/>\n\u00bfQU\u00c9 TIPO DE COOKIES HAY?<br \/>\nEn los tipos de cookies, hay cinco grupos grandes:<br \/>\nCookies anal\u00edticas: recopilan informaci\u00f3n sobre el uso que se hace del sitio web.<br \/>\nCookies sociales: son necesarias para redes sociales externas.<br \/>\nCookies de afiliados: le permiten realizar un seguimiento de las visitas de otros sitios web, con los que el sitio web<br \/>\nestablece un contrato de afiliaci\u00f3n (sociedades de afiliaci\u00f3n).<br \/>\nCookies publicitarias y de comportamiento: recopilan informaci\u00f3n sobre las preferencias y elecciones personales del<br \/>\nusuario (retargeting).<br \/>\nCookies t\u00e9cnicas y funcionales: son estrictamente necesarias para el uso del sitio web y para la prestaci\u00f3n del<br \/>\nservicio contratado.<br \/>\nCOOKIES QUE UTILIZAMOS EN NUESTRO SITIO WEB<br \/>\nEnumerar los nombres de las cookies y sus funciones, por ejemplo:<br \/>\nPHPSESSID: cookie t\u00e9cnica y estrictamente necesaria que contiene el identificador de la sesi\u00f3n. Eliminado al cerrar<br \/>\nel navegador.<br \/>\n_lang: cookie t\u00e9cnica y estrictamente necesaria que contiene el idioma de la sesi\u00f3n. Se elimina al cerrar el<br \/>\nExplorador.<br \/>\nac_cookies: cookie t\u00e9cnica y estrictamente necesaria que contiene el valor de si la instalaci\u00f3n de<br \/>\ncookies. Caduca en 1 a\u00f1o desde la \u00faltima actualizaci\u00f3n.<br \/>\n_ga: cookie de Google Analytics Universal que habilita la funci\u00f3n \u00fanica de control de visitas. La primera<br \/>\nvez que un usuario entra en el sitio web a trav\u00e9s de un navegador, se instalar\u00e1 esta cookie. Cuando este usuario<br \/>\nvuelva a entrar en la web con el mismo navegador, la cookie considerar\u00e1 que es el mismo usuario. S\u00f3lo en el caso<br \/>\nque el usuario cambia de navegador, se tendr\u00e1 en cuenta otro usuario. Caduca 2 a\u00f1os despu\u00e9s de la \u00faltima actualizaci\u00f3n.<br \/>\n_gat: Esta cookie est\u00e1 asociada con Google Analytics Universal. Se utiliza para limitar la velocidad de la solicitud &#8211; el<br \/>\nCONSTRUCCIONES SIX-MOR.S.L.<br \/>\nCONSTRUCCIONES SIX-MOR.S.L.<br \/>\nCl Dtr. Pujavet, 14 &#8211; planta baja SANT PERE DE RIUDEBITLLES 08776 (BARCELONA)<br \/>\nlimitaci\u00f3n de la recopilaci\u00f3n de datos en sitios de alto tr\u00e1fico. Caduca despu\u00e9s de 10 minutos.<br \/>\n_utma: cookie de Google Analytics que registra la fecha de la primera y \u00faltima vez que el usuario visti\u00f3 el sitio<br \/>\nWeb. Caduca 2 a\u00f1os despu\u00e9s de la \u00faltima actualizaci\u00f3n.<br \/>\n_utmb: cookie de Google Analytics que registra su hora de llegada en el sitio web. Caduca despu\u00e9s de 30 minutos desde<br \/>\nla \u00faltima actualizaci\u00f3n.<br \/>\n_utmc: Cookie de Google Analytics utilizada para la interoperabilidad con el c\u00f3digo de seguimiento urchin.js.<br \/>\nSe elimina al cerrar el navegador.<br \/>\n_utmt: cookie de Google Analytics utilizada para procesar el tipo de solicitud solicitada por el usuario.<br \/>\nCaduca al final de la sesi\u00f3n.<br \/>\n_utmv: cookie de Google Analytics utilizada para segmentar datos demogr\u00e1ficos. Caduca al final de la<br \/>\nSesi\u00f3n.<br \/>\n_utmz: cookie de Google Analytics que almacena su fuente de tr\u00e1fico o campa\u00f1a para explicar c\u00f3mo<br \/>\nel usuario lleg\u00f3 al sitio web. Caduca 6 meses despu\u00e9s de la \u00faltima actualizaci\u00f3n.<br \/>\nREVOCACI\u00d3N DEL CONSENTIMIENTO PARA INSTALAR Y KDE; GALLETAS LAR<br \/>\nC\u00d3MO ELIMINAR LAS COOKIES DE SU NAVEGADOR<br \/>\nChrome<br \/>\n1. Seleccione el icono Herramientas<br \/>\n2. Haga clic en Configuraci\u00f3n.<br \/>\n3. Haga clic en Mostrar opciones avanzadas.<br \/>\n4. En la secci\u00f3n \u00abPrivacidad\u00bb, haga clic en Configuraci\u00f3n de contenido.<br \/>\n\u2022 Eliminar cookies: Haga clic en Todas las cookies y datos del sitio&#8230;<br \/>\n\u2022 No permita que se almacenen cookies.<br \/>\n5. Haga clic en Eliminar datos de navegaci\u00f3n (borrar cach\u00e9).<br \/>\n6. Cierre y reinicie el navegador.<br \/>\nPara obtener m\u00e1s informaci\u00f3n sobre Chrome, haga clic aqu\u00ed:<br \/>\nhttp:\/\/support.google.com\/chrome\/answer\/95647?hl=es<br \/>\nInternet Explorer. Versi\u00f3n 11<br \/>\n1. Seleccione Herramientas | Opciones de Internet.<br \/>\n2. Haga clic en la pesta\u00f1a General.<br \/>\n3. En la secci\u00f3n \u00abHistorial de navegaci\u00f3n\u00bb, haga clic en Eliminar historial de navegaci\u00f3n al salir.<br \/>\n4. Seleccione Eliminar archivos.<br \/>\n5. Seleccione Eliminar cookies.<br \/>\n6. Haga clic en Eliminar.<br \/>\n7. Haga clic en Aceptar.<br \/>\n8. Cierre y reinicie el navegador.<br \/>\nPara obtener m\u00e1s informaci\u00f3n sobre Internet Explorer, haga clic aqu\u00ed:<br \/>\nCONSTRUCCIONES SIX-MOR.S.L.<br \/>\nCONSTRUCCIONES SIX-MOR.S.L.<br \/>\nCl Dtr. Pujavet, 14 &#8211; planta baja SANT PERE DE RIUDEBITLLES 08776 (BARCELONA)<br \/>\nhttp:\/\/windows.microsoft.com\/es-419\/windows7\/how-to-manage-cookies-in-internet-explorer-9<br \/>\nFirefox. Versi\u00f3n 18<br \/>\n1. Seleccione Firefox ? Historia de la historia ? Borrar la historia reciente.<br \/>\n2. Junto a \u00abDetalles\u00bb, haga clic en la flecha hacia abajo.<br \/>\n3. Seleccione las siguientes casillas de verificaci\u00f3n: cookies, cach\u00e9, inicio de sesi\u00f3n activo<br \/>\n4. Con el \u00abPer\u00edodo de tiempo para eliminar\u00bb en el men\u00fa desplegable, seleccione Todo.<br \/>\n5. Haga clic en Limpiar ahora.<br \/>\n6. Cierre y reinicie el navegador.<br \/>\nPuedes aceptar o rechazar las cookies individualmente en Preferencias de Firefox, en la secci\u00f3n Historial disponible en Herramientas &gt;<br \/>\nOpciones &gt; Privacidad.<br \/>\nPara obtener m\u00e1s informaci\u00f3n sobre Mozilla Firefox, haga clic aqu\u00ed:<br \/>\nhttps:\/\/www.mozilla.org\/es-ES\/privacy\/websites\/#cookies<br \/>\nSafari Versi\u00f3n 5.1<br \/>\n1. Seleccione el Safari \/ Editar ? Restaurar Safari.<br \/>\n2. Seleccione las siguientes casillas de verificaci\u00f3n: Borrar historial, Eliminar todos los datos del sitio web<br \/>\n3. Haga clic en Restablecer.<br \/>\n4. Cierre y reinicie el navegador.<br \/>\nPara obtener m\u00e1s informaci\u00f3n sobre Safari, haga clic aqu\u00ed:<br \/>\nhttp:\/\/support.apple.com\/kb\/PH5042<br \/>\n\u00d3pera<br \/>\nOpciones &#8211; Avanzado &#8211; Cookies.<br \/>\nLas opciones de cookies controlan la forma en que Opera las maneja y, por lo tanto, su aceptaci\u00f3n o rechazo.<br \/>\nPara obtener m\u00e1s informaci\u00f3n sobre Opera Haga clic aqu\u00ed:<br \/>\nhttp:\/\/help.opera.com\/Linux\/10.60\/es-ES\/cookies.html<br \/>\nOtros navegadores<br \/>\nConsulte la documentaci\u00f3n del navegador que ha instalado.<\/p>\n<p>[\/et_pb_text][\/et_pb_column][\/et_pb_row][\/et_pb_section]<\/p>\n","protected":false},"excerpt":{"rendered":"<p><div class=\"et_pb_row et_pb_row_0 et_pb_row_empty\">\n\t\t\t\t\n\t\t\t\t\n\t\t\t\t\n\t\t\t\t\n\t\t\t\t\n\t\t\t<\/div> INFORMACI\u00d3N SOBRE LAS COOKIES Debido a la entrada en vigor de la modificaci\u00f3n de referencia de la \u00abLey de Servicios de la Sociedad de la Informaci\u00f3n\u00bb (LSSICE) establecido por el Real Decreto 13\/2012, est\u00e1 obligado a obtener el consentimiento expreso del usuario de todas las p\u00e1ginas web utilizar cookies prescindibles, antes de que navegue [&hellip;]<\/p>\n","protected":false},"author":1,"featured_media":0,"parent":0,"menu_order":0,"comment_status":"closed","ping_status":"closed","template":"","meta":{"_et_pb_use_builder":"on","_et_pb_old_content":"","_et_gb_content_width":"","footnotes":""},"class_list":["post-382","page","type-page","status-publish","hentry"],"_links":{"self":[{"href":"https:\/\/sixmor.es\/es\/wp-json\/wp\/v2\/pages\/382","targetHints":{"allow":["GET"]}}],"collection":[{"href":"https:\/\/sixmor.es\/es\/wp-json\/wp\/v2\/pages"}],"about":[{"href":"https:\/\/sixmor.es\/es\/wp-json\/wp\/v2\/types\/page"}],"author":[{"embeddable":true,"href":"https:\/\/sixmor.es\/es\/wp-json\/wp\/v2\/users\/1"}],"replies":[{"embeddable":true,"href":"https:\/\/sixmor.es\/es\/wp-json\/wp\/v2\/comments?post=382"}],"version-history":[{"count":13,"href":"https:\/\/sixmor.es\/es\/wp-json\/wp\/v2\/pages\/382\/revisions"}],"predecessor-version":[{"id":386051,"href":"https:\/\/sixmor.es\/es\/wp-json\/wp\/v2\/pages\/382\/revisions\/386051"}],"wp:attachment":[{"href":"https:\/\/sixmor.es\/es\/wp-json\/wp\/v2\/media?parent=382"}],"curies":[{"name":"wp","href":"https:\/\/api.w.org\/{rel}","templated":true}]}}