{"id":342,"date":"2020-10-07T10:37:53","date_gmt":"2020-10-07T08:37:53","guid":{"rendered":"https:\/\/sixmor.es\/la-empresa\/"},"modified":"2020-10-07T10:38:03","modified_gmt":"2020-10-07T08:38:03","slug":"la-empresa","status":"publish","type":"page","link":"https:\/\/sixmor.es\/es\/la-empresa\/","title":{"rendered":"La empresa"},"content":{"rendered":"<p>[et_pb_section bb_built=\u00bb1&#8243; admin_label=\u00bbHero section\u00bb _builder_version=\u00bb3.5.1&#8243; use_background_color_gradient=\u00bbon\u00bb background_color_gradient_start=\u00bbrgba(150,105,97,0.67)\u00bb background_color_gradient_end=\u00bbrgba(2,0,76,0.84)\u00bb background_color_gradient_overlays_image=\u00bbon\u00bb background_image=\u00bbhttps:\/\/sixmor.es\/wp-content\/uploads\/2018\/06\/empresa.jpg\u00bb background_position=\u00bbtop_center\u00bb custom_margin=\u00bb|||\u00bb custom_padding=\u00bb10%||10%|\u00bb next_background_color=\u00bb#ffffff\u00bb][et_pb_row make_fullwidth=\u00bbon\u00bb custom_margin=\u00bb|||\u00bb padding_top_1=\u00bb1px\u00bb _builder_version=\u00bb3.5.1&#8243;][et_pb_column type=\u00bb2_3&#8243;][et_pb_text _builder_version=\u00bb3.5.1&#8243; text_font=\u00bbLato||||||||\u00bb text_font_size=\u00bb20px\u00bb text_line_height=\u00bb1.8em\u00bb header_font=\u00bbLato|900|||||||\u00bb header_font_size=\u00bb80px\u00bb header_font_size_tablet=\u00bb46px\u00bb header_font_size_last_edited=\u00bbon|tablet\u00bb header_letter_spacing=\u00bb2px\u00bb header_line_height=\u00bb1.2em\u00bb background_layout=\u00bbdark\u00bb animation_style=\u00bbfold\u00bb]<\/p>\n<h1>Sobre nosotros<\/h1>\n<p>Construcciones SIX-MOR,S.L. fue fundada en 1994. Es una continuaci\u00f3n de la empresa familiar Sixto Moreno Barrionuevo y actualmente es la segunda generaci\u00f3n con m\u00e1s de 50 a\u00f1os de experiencia.<\/p>\n<p>[\/et_pb_text][\/et_pb_column][et_pb_column type=\u00bb1_3&#8243;][et_pb_code _builder_version=\u00bb3.5.1&#8243; disabled=\u00bbon\u00bb disabled_on=\u00bbon|on|on\u00bb]&lt;iframe width\u00bb560&#8243; height\u00bb315&#8243; src\u00bbhttps:\/\/www.youtube.com\/embed\/hjcPCnb6vko?rel-0&amp;controls-0&amp;showinfo-0&#8243; frameborder-\u00ab0\u00bb allow-\u00abautoplay; encriptados\u00bb\u00bb allowfullscreen&gt;&lt;\/iframe&gt;&lt;!&#8211; [et_pb_line_break_holder] &#8211;&gt;&lt;!&#8212;- [et_pb_line_break_holder] &gt; https:\/\/youtu.be\/hjcPCnb6vko[\/et_pb_code][et_pb_gallery _builder_version=\u00bb3.5.1&#8243; gallery_ids=\u00bb320,308,304,305,306,307,319,318,317,316,315,314,313,312,311,310,309,303,302,301,300&#8243; posts_number=\u00bb50&#8243; zoom_icon_color=\u00bb#1b5aa7&#8243; hover_overlay_color=\u00bbrgba(255,255,255,0.9)\u00bb show_title_and_caption=\u00bboff\u00bb show_pagination=\u00bboff\u00bb fullwidth=\u00bbon\u00bb auto=\u00bbon\u00bb auto_speed=\u00bb3000&#8243; \/][\/et_pb_column][\/et_pb_row][\/et_pb_section][et_pb_section bb_built=\u00bb1&#8243; admin_label=\u00bbHero section\u00bb _builder_version=\u00bb3.5.1&#8243; use_background_color_gradient=\u00bbon\u00bb background_color_gradient_start=\u00bbrgba(150,105,97,0.67)\u00bb background_color_gradient_end=\u00bbrgba(2,0,76,0.84)\u00bb background_color_gradient_overlays_image=\u00bbon\u00bb background_image=\u00bbhttps:\/\/sixmor.es\/wp-content\/uploads\/2018\/06\/real-estate-06.jpg\u00bb background_position=\u00bbtop_center\u00bb custom_margin=\u00bb|||\u00bb custom_padding=\u00bb0||0||false|false\u00bb prev_background_color=\u00bb#ffffff\u00bb][et_pb_row custom_padding=\u00bb94px|0px|27px|0px|false|false\u00bb custom_margin=\u00bb|||\u00bb _builder_version=\u00bb3.0.106&#8243;][et_pb_column type=\u00bb1_2&#8243;][et_pb_cta title=\u00bbseis-dies\u00bb button_url=\u00bbhttp:\/\/contactans\/\u00bb button_text=\u00bbcont\u00e1ctenos\u00bb _builder_version=\u00bb3.5.1&#8243; header_font=\u00bbLato|900||on|||||\u00bb header_font_size=\u00bb48px\u00bb header_font_size_tablet=\u00bb40px\u00bb header_font_size_last_edited=\u00bbon|tablet\u00bb header_letter_spacing=\u00bb2px\u00bb header_line_height=\u00bb1.2em\u00bb header_text_shadow_style=\u00bbpreset1&#8243; header_text_shadow_blur_strength=\u00bb0.6em\u00bb header_text_shadow_color=\u00bbrgba(0,0,0,0.24)\u00bb body_font=\u00bbLato||||||||\u00bb body_font_size=\u00bb20px\u00bb body_line_height=\u00bb1.8em\u00bb use_background_color=\u00bboff\u00bb custom_button=\u00bbon\u00bb button_text_size=\u00bb16px\u00bb button_text_color=\u00bb#ffffff\u00bb button_bg_color=\u00bb#fa7f28&#8243; button_border_width=\u00bb6px\u00bb button_border_color=\u00bb#fa7f28&#8243; button_border_radius=\u00bb5px\u00bb button_letter_spacing=\u00bb2px\u00bb button_font=\u00bbLato|900||on|||||\u00bb button_letter_spacing_hover=\u00bb2px\u00bb box_shadow_style_button=\u00bbpreset3&#8243; box_shadow_blur_button=\u00bb30px\u00bb box_shadow_spread_button=\u00bb8px\u00bb box_shadow_color_button=\u00bbrgba(250,127,40,0.15)\u00bb max_width=\u00bb750px\u00bb module_alignment=\u00bbcenter\u00bb animation_style=\u00bbfold\u00bb]<\/p>\n<p>Especializado en todo tipo de obras.<\/p>\n<p>[\/et_pb_cta][\/et_pb_column][et_pb_column type=\u00bb1_2&#8243;][et_pb_contact_form email=\u00bbinfo@dmsolucionsweb.com\u00bb title=\u00bbEnv\u00edenos su consulta\u00bb success_message=\u00bbSu mensaje fue enviado con \u00e9xito\u00bb submit_button_text=\u00bbEnviar\u00bb form_background_color=\u00bbrgba(214,214,214,0.8)\u00bb module_id=\u00bbet_pb_contact_form_0&#8243; _builder_version=\u00bb3.5.1&#8243; title_text_align=\u00bbcenter\u00bb title_text_color=\u00bb#ffffff\u00bb title_text_shadow_style=\u00bbpreset1&#8243; title_text_shadow_horizontal_length=\u00bb0.01em\u00bb form_field_font=\u00bb|700|||||||\u00bb form_field_text_align=\u00bbcenter\u00bb form_field_text_color=\u00bb#ffffff\u00bb custom_button=\u00bbon\u00bb button_text_size=\u00bb13px\u00bb button_text_color=\u00bb#ffffff\u00bb button_border_width=\u00bb1px\u00bb button_font=\u00bb|700|||||||\u00bb][et_pb_contact_field field_id=\u00bbName\u00bb field_title=\u00bbNombre\u00bb _builder_version=\u00bb3.5.1&#8243; border_radii=\u00bbon||||\u00bb][\/et_pb_contact_field][et_pb_contact_field field_id=\u00bbEmail\u00bb field_title=\u00bbCorreo electr\u00f3nico\u00bb field_type=\u00bbemail\u00bb _builder_version=\u00bb3.5.1&#8243; border_radii=\u00bbon||||\u00bb][\/et_pb_contact_field][et_pb_contact_field field_id=\u00bbTelf\u00bb field_title=\u00bbTel\u00e9fono\u00bb _builder_version=\u00bb3.5.1&#8243; border_radii=\u00bbon||||\u00bb][\/et_pb_contact_field][et_pb_contact_field field_id=\u00bbPoblaci\u00f3\u00bb field_title=\u00bbPoblaci\u00f3n\u00bb _builder_version=\u00bb3.5.1&#8243; border_radii=\u00bbon||||\u00bb][\/et_pb_contact_field][et_pb_contact_field field_id=\u00bbMessage\u00bb field_title=\u00bbMensaje\u00bb field_type=\u00bbtext\u00bb fullwidth_field=\u00bbon\u00bb _builder_version=\u00bb3.5.1&#8243; border_radii=\u00bbon||||\u00bb][\/et_pb_contact_field][et_pb_contact_field field_id=\u00bbfield_4&#8243; field_title=\u00bbPol\u00edtica de privacidad\u00bb field_type=\u00bbcheckbox\u00bb checkbox_options=\u00bb%91{%22value%22:%22Acepto la pol\u00edtica de privacidad%22,%22checked%22:0}%93&#8243; _builder_version=\u00bb3.5.1&#8243; form_field_font=\u00bb||||||||\u00bb][\/et_pb_contact_field][\/et_pb_contact_form][\/et_pb_column][\/et_pb_row][\/et_pb_section]<\/p>\n","protected":false},"excerpt":{"rendered":"<p>Sobre nosotros Construcciones SIX-MOR,S.L. fue fundada en 1994. Es una continuaci\u00f3n de la empresa familiar Sixto Moreno Barrionuevo y actualmente es la segunda generaci\u00f3n con m\u00e1s de 50 a\u00f1os de experiencia. &lt;iframe width\u00bb560&#8243; height\u00bb315&#8243; src\u00bbhttps:\/\/www.youtube.com\/embed\/hjcPCnb6vko?rel-0&amp;controls-0&amp;showinfo-0&#8243; frameborder-\u00ab0\u00bb allow-\u00abautoplay; encriptados\u00bb\u00bb allowfullscreen&gt;&lt;\/iframe&gt;&lt;!&#8211; [et_pb_line_break_holder] &#8211;&gt;&lt;!&#8212;- [et_pb_line_break_holder] &gt; https:\/\/youtu.be\/hjcPCnb6vko Especializado en todo tipo de obras.<\/p>\n","protected":false},"author":1,"featured_media":0,"parent":0,"menu_order":0,"comment_status":"closed","ping_status":"closed","template":"","meta":{"_et_pb_use_builder":"on","_et_pb_old_content":"","_et_gb_content_width":"","footnotes":""},"class_list":["post-342","page","type-page","status-publish","hentry"],"_links":{"self":[{"href":"https:\/\/sixmor.es\/es\/wp-json\/wp\/v2\/pages\/342","targetHints":{"allow":["GET"]}}],"collection":[{"href":"https:\/\/sixmor.es\/es\/wp-json\/wp\/v2\/pages"}],"about":[{"href":"https:\/\/sixmor.es\/es\/wp-json\/wp\/v2\/types\/page"}],"author":[{"embeddable":true,"href":"https:\/\/sixmor.es\/es\/wp-json\/wp\/v2\/users\/1"}],"replies":[{"embeddable":true,"href":"https:\/\/sixmor.es\/es\/wp-json\/wp\/v2\/comments?post=342"}],"version-history":[{"count":9,"href":"https:\/\/sixmor.es\/es\/wp-json\/wp\/v2\/pages\/342\/revisions"}],"predecessor-version":[{"id":376,"href":"https:\/\/sixmor.es\/es\/wp-json\/wp\/v2\/pages\/342\/revisions\/376"}],"wp:attachment":[{"href":"https:\/\/sixmor.es\/es\/wp-json\/wp\/v2\/media?parent=342"}],"curies":[{"name":"wp","href":"https:\/\/api.w.org\/{rel}","templated":true}]}}